{"id":295,"date":"2023-03-19T19:26:46","date_gmt":"2023-03-19T19:26:46","guid":{"rendered":"https:\/\/r-mertins.de\/?page_id=295"},"modified":"2024-01-13T12:41:25","modified_gmt":"2024-01-13T12:41:25","slug":"nachhaltig-der-oekohandwerker","status":"publish","type":"page","link":"https:\/\/r-mertins.de\/?page_id=295","title":{"rendered":"Nachhaltig, der \u00d6kohandwerker"},"content":{"rendered":"\n<p>I<em>ch behalte bei meiner<\/em> Arbeit die Umweltauswirkungen im Blick und versuche so umweltfreundlich wie m\u00f6glich zu arbeiten. Ich achtet darauf, welche Materialien ich verwende, wie viel Energie ich verbrauche und wie ich Abf\u00e4lle reduzieren kann. Ich setzte mich daf\u00fcr ein, dass meine Arbeit m\u00f6glichst umweltvertr\u00e4glich ist.<\/p>\n\n\n\n<p>Ich versuche in der Regel umweltfreundliche Materialien einzusetzen die aus nachhaltiger Produktion stammen und nicht zu stark belastet sind. Ich versuche, Abfall zu vermeiden und setzte Recycling-Materialien ein, wenn dies m\u00f6glich ist.<\/p>\n\n\n\n<p>Gerne komme ich, wenn es passt, mit dem Fahrrad zu Ihnen. Das kostet Sie nichts extra.<\/p>\n\n\n\n<p>Falls ich viel Werkzeug und\/oder Material mitbringe oder der Weg zu weit f\u00fcr das Fahrrad ist, komme ich mit einem Erdgas-betriebenen Fahrzeug zu Ihnen.<\/p>\n\n\n\n<p>Bauabf\u00e4lle, Verpackungen ect. werden sortiert und Fachgerecht entsorgt.<\/p>\n","protected":false},"excerpt":{"rendered":"<p>Ich behalte bei meiner Arbeit die Umweltauswirkungen im Blick und versuche so umweltfreundlich wie m\u00f6glich zu arbeiten. Ich achtet darauf, welche Materialien ich verwende, wie viel Energie ich verbrauche und wie ich Abf\u00e4lle reduzieren kann. Ich setzte mich daf\u00fcr ein, dass meine Arbeit m\u00f6glichst umweltvertr\u00e4glich ist. Ich versuche in der Regel umweltfreundliche Materialien einzusetzen die &hellip; <\/p>\n<p class=\"link-more\"><a href=\"https:\/\/r-mertins.de\/?page_id=295\" class=\"more-link\"><span class=\"screen-reader-text\">\u201eNachhaltig, der \u00d6kohandwerker\u201c <\/span>weiterlesen<\/a><\/p>\n","protected":false},"author":1,"featured_media":0,"parent":0,"menu_order":0,"comment_status":"closed","ping_status":"closed","template":"","meta":{"footnotes":""},"class_list":["post-295","page","type-page","status-publish","hentry"],"_links":{"self":[{"href":"https:\/\/r-mertins.de\/index.php?rest_route=\/wp\/v2\/pages\/295","targetHints":{"allow":["GET"]}}],"collection":[{"href":"https:\/\/r-mertins.de\/index.php?rest_route=\/wp\/v2\/pages"}],"about":[{"href":"https:\/\/r-mertins.de\/index.php?rest_route=\/wp\/v2\/types\/page"}],"author":[{"embeddable":true,"href":"https:\/\/r-mertins.de\/index.php?rest_route=\/wp\/v2\/users\/1"}],"replies":[{"embeddable":true,"href":"https:\/\/r-mertins.de\/index.php?rest_route=%2Fwp%2Fv2%2Fcomments&post=295"}],"version-history":[{"count":8,"href":"https:\/\/r-mertins.de\/index.php?rest_route=\/wp\/v2\/pages\/295\/revisions"}],"predecessor-version":[{"id":328,"href":"https:\/\/r-mertins.de\/index.php?rest_route=\/wp\/v2\/pages\/295\/revisions\/328"}],"wp:attachment":[{"href":"https:\/\/r-mertins.de\/index.php?rest_route=%2Fwp%2Fv2%2Fmedia&parent=295"}],"curies":[{"name":"wp","href":"https:\/\/api.w.org\/{rel}","templated":true}]}}