{"id":21,"date":"2019-05-05T16:02:56","date_gmt":"2019-05-05T16:02:56","guid":{"rendered":"http:\/\/r-mertins.de\/?page_id=21"},"modified":"2022-10-03T16:20:33","modified_gmt":"2022-10-03T16:20:33","slug":"profil","status":"publish","type":"page","link":"https:\/\/r-mertins.de\/?page_id=21","title":{"rendered":"Profil"},"content":{"rendered":"\n<p class=\"has-medium-font-size\"><\/p>\n\n\n\n<figure class=\"wp-block-image is-resized\"><img loading=\"lazy\" decoding=\"async\" src=\"https:\/\/r-mertins.de\/wp-content\/uploads\/2019\/10\/R-Mertins-1024x759.jpg\" alt=\"\" class=\"wp-image-252\" width=\"468\" height=\"345\"\/><\/figure>\n\n\n\n<p class=\"has-medium-font-size\">Seit meiner Ausbildung zum Bootsbauer im Jahre 1991 bin ich als Handwerker t\u00e4tig.<\/p>\n\n\n\n<p class=\"has-medium-font-size\">Bootsbau ist ein sch\u00f6nes und vor allem vielseitiges Gewerk.          Ein  Boot kann aus unterschiedlichen Materialien wie Holz, GFK  (Kunststoff), Stahl, Alu oder sogar Zement gebaut sein. Es muss nicht  nur schwimmen k\u00f6nnen, oft haben Boote Bad, K\u00fcche, Motor, Heizung, M\u00f6bel,  Fenster, T\u00fcren, Elektrik &#8230;    <\/p>\n\n\n\n<p class=\"has-medium-font-size\">Diese vielf\u00e4ltigen Anforderungen haben mich beruflich zu einem Allrounder werden lassen. <\/p>\n\n\n\n<p class=\"has-medium-font-size\">Es gibt nichts, was sich nicht montieren, installieren, reparieren oder aufbauen l\u00e4sst!<\/p>\n\n\n\n<p class=\"has-medium-font-size\">Wenn sie einen freundlichen, kompetenten Handwerker im n\u00e4heren Umkreis von Hamburg Dulsberg suchen, sprechen Sie mich gerne an!<\/p>\n","protected":false},"excerpt":{"rendered":"<p>Seit meiner Ausbildung zum Bootsbauer im Jahre 1991 bin ich als Handwerker t\u00e4tig. Bootsbau ist ein sch\u00f6nes und vor allem vielseitiges Gewerk. Ein Boot kann aus unterschiedlichen Materialien wie Holz, GFK (Kunststoff), Stahl, Alu oder sogar Zement gebaut sein. Es muss nicht nur schwimmen k\u00f6nnen, oft haben Boote Bad, K\u00fcche, Motor, Heizung, M\u00f6bel, Fenster, T\u00fcren, &hellip; <\/p>\n<p class=\"link-more\"><a href=\"https:\/\/r-mertins.de\/?page_id=21\" class=\"more-link\"><span class=\"screen-reader-text\">\u201eProfil\u201c <\/span>weiterlesen<\/a><\/p>\n","protected":false},"author":1,"featured_media":0,"parent":0,"menu_order":0,"comment_status":"closed","ping_status":"closed","template":"","meta":{"footnotes":""},"class_list":["post-21","page","type-page","status-publish","hentry"],"_links":{"self":[{"href":"https:\/\/r-mertins.de\/index.php?rest_route=\/wp\/v2\/pages\/21","targetHints":{"allow":["GET"]}}],"collection":[{"href":"https:\/\/r-mertins.de\/index.php?rest_route=\/wp\/v2\/pages"}],"about":[{"href":"https:\/\/r-mertins.de\/index.php?rest_route=\/wp\/v2\/types\/page"}],"author":[{"embeddable":true,"href":"https:\/\/r-mertins.de\/index.php?rest_route=\/wp\/v2\/users\/1"}],"replies":[{"embeddable":true,"href":"https:\/\/r-mertins.de\/index.php?rest_route=%2Fwp%2Fv2%2Fcomments&post=21"}],"version-history":[{"count":13,"href":"https:\/\/r-mertins.de\/index.php?rest_route=\/wp\/v2\/pages\/21\/revisions"}],"predecessor-version":[{"id":284,"href":"https:\/\/r-mertins.de\/index.php?rest_route=\/wp\/v2\/pages\/21\/revisions\/284"}],"wp:attachment":[{"href":"https:\/\/r-mertins.de\/index.php?rest_route=%2Fwp%2Fv2%2Fmedia&parent=21"}],"curies":[{"name":"wp","href":"https:\/\/api.w.org\/{rel}","templated":true}]}}